{"id":862,"date":"2013-08-01T13:15:22","date_gmt":"2013-08-01T18:15:22","guid":{"rendered":"http:\/\/alterlat.com\/?page_id=862"},"modified":"2013-08-26T12:02:55","modified_gmt":"2013-08-26T17:02:55","slug":"filtros-de-carbon-activado-para-biogas","status":"publish","type":"page","link":"https:\/\/alterlat.com\/?page_id=862","title":{"rendered":"Filtro de carb\u00f3n activado para biog\u00e1s"},"content":{"rendered":"<p><img loading=\"lazy\" class=\"alignright size-full wp-image-1001\" alt=\"aktive kohle 03 small\" src=\"http:\/\/alterlat.com\/wp-content\/uploads\/2013\/08\/aktive-kohle-03-small.jpg\" width=\"350\" height=\"207\" srcset=\"https:\/\/alterlat.com\/wp-content\/uploads\/2013\/08\/aktive-kohle-03-small.jpg 350w, https:\/\/alterlat.com\/wp-content\/uploads\/2013\/08\/aktive-kohle-03-small-300x177.jpg 300w, https:\/\/alterlat.com\/wp-content\/uploads\/2013\/08\/aktive-kohle-03-small-250x147.jpg 250w\" sizes=\"(max-width: 350px) 100vw, 350px\" \/>Los filtros de carb\u00f3n activo se utilizan como etapa final del proceso de tratamiento de biog\u00e1s, o bien, pueden ser utilizados para la remoci\u00f3n de contaminantes en una sola etapa cuando \u00e9stos se presentan en una baja concentraci\u00f3n<\/p>\n<p>El flujo a tratar entra por la parte inferior del filtro y se hace pasar a trav\u00e9s de una capa de carb\u00f3n activo que adsorbe los contaminantes; el tiempo de saturaci\u00f3n del medio filtrante es determinado por el flujo de gas, concentraci\u00f3n de contaminantes, y la capacidad del medio filtrante para adsorber el contaminante<\/p>\n<p>En el mercado existen numerosos tipos de carb\u00f3n activado, la elecci\u00f3n debe ser hecha por el usuario de acuerdo a la composici\u00f3n real de biog\u00e1s y la concentraci\u00f3n de contaminantes<\/p>\n<p><img loading=\"lazy\" class=\"alignright size-full wp-image-1003\" alt=\"aktive kohle 02 small\" src=\"http:\/\/alterlat.com\/wp-content\/uploads\/2013\/08\/aktive-kohle-02-small.jpg\" width=\"350\" height=\"243\" srcset=\"https:\/\/alterlat.com\/wp-content\/uploads\/2013\/08\/aktive-kohle-02-small.jpg 350w, https:\/\/alterlat.com\/wp-content\/uploads\/2013\/08\/aktive-kohle-02-small-300x208.jpg 300w, https:\/\/alterlat.com\/wp-content\/uploads\/2013\/08\/aktive-kohle-02-small-216x150.jpg 216w\" sizes=\"(max-width: 350px) 100vw, 350px\" \/>Un dise\u00f1o \u00f3ptimo del filtro de carb\u00f3n activado es esencial para su buen funcionamiento, en el que influye la p\u00e9rdida de presi\u00f3n en el sistema y la velocidad con la que el gas atraviesa la secci\u00f3n transversal del filtro, con ello se asegura que el carb\u00f3n activado cumplir\u00e1 con su funci\u00f3n de manera eficaz<\/p>\n<p>Otro aspecto importante que debe considerarse al seleccionar el filtro de carb\u00f3n es el volumen de almacenamiento: un volumen peque\u00f1o para tratar un gran flujo de gas provocar\u00e1 la r\u00e1pida saturaci\u00f3n del medio filtrante y en consecuencia, deber\u00e1 cambiarse con mayor frecuencia, ocasionando la salida de operaci\u00f3n del equipo. Un arreglo de dos filtros (uno en operaci\u00f3n y otro de reserva) alivian el tiempo de suspensi\u00f3n de operaciones. Un sistema de carga r\u00e1pida con super-sacos disminuye a\u00fan m\u00e1s el tiempo de mantenimiento y ayuda realizar una tarea generalmente sucia de la manera m\u00e1s limpia posible<\/p>\n<p><img loading=\"lazy\" class=\"size-full wp-image-1002 alignright\" alt=\"aktive kohle 01 small\" src=\"http:\/\/alterlat.com\/wp-content\/uploads\/2013\/08\/aktive-kohle-01-small.jpg\" width=\"241\" height=\"350\" srcset=\"https:\/\/alterlat.com\/wp-content\/uploads\/2013\/08\/aktive-kohle-01-small.jpg 241w, https:\/\/alterlat.com\/wp-content\/uploads\/2013\/08\/aktive-kohle-01-small-206x300.jpg 206w, https:\/\/alterlat.com\/wp-content\/uploads\/2013\/08\/aktive-kohle-01-small-103x150.jpg 103w\" sizes=\"(max-width: 241px) 100vw, 241px\" \/>Finalmente, es importante que el filtro de carb\u00f3n activado ofrezca seguridad en la operaci\u00f3n, ya que en \u00e9l se almacena un volumen considerable de combustible a presi\u00f3n. Es necesario que el filtro cuente con una l\u00ednea de lavado con gas inerte, v\u00e1lvulas de alivio de sobre-presi\u00f3n, man\u00f3metro y puntos de muestreo para verificar la saturaci\u00f3n del medio filtrante<\/p>\n","protected":false},"excerpt":{"rendered":"<p>Los filtros de carb\u00f3n activo se utilizan como etapa final del proceso de tratamiento de biog\u00e1s, o bien, pueden ser utilizados para la remoci\u00f3n de contaminantes en una sola etapa cuando \u00e9stos se presentan en una baja concentraci\u00f3n El flujo a tratar entra por la parte inferior del filtro y \u2026 <a class=\"continue-reading-link\" href=\"https:\/\/alterlat.com\/?page_id=862\"> Continuar leyendo <span class=\"meta-nav\">&rarr; <\/span><\/a><\/p>\n","protected":false},"author":3,"featured_media":0,"parent":835,"menu_order":0,"comment_status":"closed","ping_status":"open","template":"","meta":[],"_links":{"self":[{"href":"https:\/\/alterlat.com\/index.php?rest_route=\/wp\/v2\/pages\/862"}],"collection":[{"href":"https:\/\/alterlat.com\/index.php?rest_route=\/wp\/v2\/pages"}],"about":[{"href":"https:\/\/alterlat.com\/index.php?rest_route=\/wp\/v2\/types\/page"}],"author":[{"embeddable":true,"href":"https:\/\/alterlat.com\/index.php?rest_route=\/wp\/v2\/users\/3"}],"replies":[{"embeddable":true,"href":"https:\/\/alterlat.com\/index.php?rest_route=%2Fwp%2Fv2%2Fcomments&post=862"}],"version-history":[{"count":8,"href":"https:\/\/alterlat.com\/index.php?rest_route=\/wp\/v2\/pages\/862\/revisions"}],"predecessor-version":[{"id":1094,"href":"https:\/\/alterlat.com\/index.php?rest_route=\/wp\/v2\/pages\/862\/revisions\/1094"}],"up":[{"embeddable":true,"href":"https:\/\/alterlat.com\/index.php?rest_route=\/wp\/v2\/pages\/835"}],"wp:attachment":[{"href":"https:\/\/alterlat.com\/index.php?rest_route=%2Fwp%2Fv2%2Fmedia&parent=862"}],"curies":[{"name":"wp","href":"https:\/\/api.w.org\/{rel}","templated":true}]}}